{"id":1315,"date":"2019-06-07T16:06:26","date_gmt":"2019-06-07T14:06:26","guid":{"rendered":"https:\/\/www.hwlegend.tech\/modding\/?page_id=1315"},"modified":"2019-06-07T22:40:08","modified_gmt":"2019-06-07T20:40:08","slug":"collaborazioni","status":"publish","type":"page","link":"https:\/\/www.hwlegend.tech\/modding\/collaborazioni\/","title":{"rendered":"Collaborazioni"},"content":{"rendered":"<p>Siamo orgogliosi di potervi annunciare <strong>una nuova collaborazione<\/strong> tra il portale <a href=\"https:\/\/www.hwlegend.tech\/modding\/\" target=\"_blank\" rel=\"noopener noreferrer\"><em><strong><span style=\"color: #ff6600\">HW Legend Modding<\/span><\/strong><\/em><\/a> e il <strong>Team Italiano di modding <\/strong>denominato <a href=\"http:\/\/www.italianextrememodders.com\/?fbclid=IwAR3cmliC_nkGPUTKiA2IblKINsAuGPfmPXuowMC8uQ28L_ANGIJAFmOdeR0\" target=\"_blank\" rel=\"noopener noreferrer\"><em><strong><span style=\"color: #ff6600\">Italian Extreme Modders<\/span><\/strong><\/em><\/a>, costituito da: <a href=\"https:\/\/www.facebook.com\/Todaropcmodding\/\" target=\"_blank\" rel=\"noopener noreferrer\"><em><strong><span style=\"color: #ff6600\">Tod Mod<\/span><\/strong><\/em><\/a>, <a href=\"https:\/\/www.facebook.com\/exploremodding\/\" target=\"_blank\" rel=\"noopener noreferrer\"><em><strong><span style=\"color: #ff6600\">Explore Modding<\/span><\/strong><\/em><\/a>, <a href=\"https:\/\/www.facebook.com\/pccustomitaly\/\" target=\"_blank\" rel=\"noopener noreferrer\"><em><strong><span style=\"color: #ff6600\">Mayhem Modz<\/span><\/strong><\/em><\/a>, <a href=\"https:\/\/www.facebook.com\/sa.mod.pc.design\/\" target=\"_blank\" rel=\"noopener noreferrer\"><em><strong><span style=\"color: #ff6600\">Sa Mod<\/span><\/strong><\/em><\/a>, <a href=\"https:\/\/www.facebook.com\/warboymodding\/\" target=\"_blank\" rel=\"noopener noreferrer\"><em><strong><span style=\"color: #ff6600\">warboy Modding<\/span><\/strong><\/em><\/a>\u00a0e <a href=\"https:\/\/www.facebook.com\/HardwareNumb3rs\/?eid=ARCwcSv96ASOfNge79xUaTInEt2Anu7DMiYBNZBz89IzKItL5fbYtkwibMm2QfqRTWhSY4UXRHA4VZT1&amp;fref=tag\" target=\"_blank\" rel=\"noopener noreferrer\"><em><strong><span class=\"text_exposed_show\"><span style=\"color: #ff6600\">Hardware Numb3rs<\/span><\/span><\/strong><\/em><\/a>.<\/p>\n<hr \/>\n<p style=\"text-align: center\"><span style=\"color: #ff0000\"><strong>Annunciata la collaborazione tra il portale HW Legend Modding e il Team Italian Extreme Modder!<\/strong><\/span><\/p>\n<p><a class=\"fancybox image\" href=\"https:\/\/www.hwlegend.tech\/modding\/wp-content\/uploads\/sites\/3\/2019\/06\/Nasce-la-collaborazione-tra-HW-Legend-e-il-Team-Italian-Extreme-Modders.png\"><img loading=\"lazy\" decoding=\"async\" class=\"aligncenter size-large wp-image-1334\" src=\"https:\/\/www.hwlegend.tech\/modding\/wp-content\/uploads\/sites\/3\/2019\/06\/Nasce-la-collaborazione-tra-HW-Legend-e-il-Team-Italian-Extreme-Modders-1024x756.png\" alt=\"\" width=\"1024\" height=\"756\" srcset=\"https:\/\/www.hwlegend.tech\/modding\/wp-content\/uploads\/sites\/3\/2019\/06\/Nasce-la-collaborazione-tra-HW-Legend-e-il-Team-Italian-Extreme-Modders-1024x756.png 1024w, https:\/\/www.hwlegend.tech\/modding\/wp-content\/uploads\/sites\/3\/2019\/06\/Nasce-la-collaborazione-tra-HW-Legend-e-il-Team-Italian-Extreme-Modders-300x221.png 300w, https:\/\/www.hwlegend.tech\/modding\/wp-content\/uploads\/sites\/3\/2019\/06\/Nasce-la-collaborazione-tra-HW-Legend-e-il-Team-Italian-Extreme-Modders-768x567.png 768w, https:\/\/www.hwlegend.tech\/modding\/wp-content\/uploads\/sites\/3\/2019\/06\/Nasce-la-collaborazione-tra-HW-Legend-e-il-Team-Italian-Extreme-Modders.png 1432w\" sizes=\"auto, (max-width: 1024px) 100vw, 1024px\" \/><\/a><\/p>\n<p>Il Team Italian Extreme Modder \u00e8 composto da modders italiani, la cui passione \u00e8 quella di personalizzare e rendere unici i PC. Negli anni la tecnica si \u00e8 evoluta. Ogni membro del Team dispone delle proprie skills che lo caratterizzano e lo rendono unico. La volont\u00e0 di ognuno di noi \u00e8 quella di condividere con tutti voi le nostre esperienze, al fine di far crescere e apprezzare sempre di pi\u00f9 la disciplina del modding in Italia.<\/p>\n<p><a class=\"fancybox image\" href=\"https:\/\/www.hwlegend.tech\/modding\/wp-content\/uploads\/sites\/3\/2019\/06\/Nasce-la-collaborazione-tra-HW-Legend-e-il-Team-Italian-Extreme-Modders-1a.jpg\"><img loading=\"lazy\" decoding=\"async\" class=\"aligncenter size-full wp-image-1345\" src=\"https:\/\/www.hwlegend.tech\/modding\/wp-content\/uploads\/sites\/3\/2019\/06\/Nasce-la-collaborazione-tra-HW-Legend-e-il-Team-Italian-Extreme-Modders-1a.jpg\" alt=\"\" width=\"1519\" height=\"1485\" srcset=\"https:\/\/www.hwlegend.tech\/modding\/wp-content\/uploads\/sites\/3\/2019\/06\/Nasce-la-collaborazione-tra-HW-Legend-e-il-Team-Italian-Extreme-Modders-1a.jpg 1519w, https:\/\/www.hwlegend.tech\/modding\/wp-content\/uploads\/sites\/3\/2019\/06\/Nasce-la-collaborazione-tra-HW-Legend-e-il-Team-Italian-Extreme-Modders-1a-300x293.jpg 300w, https:\/\/www.hwlegend.tech\/modding\/wp-content\/uploads\/sites\/3\/2019\/06\/Nasce-la-collaborazione-tra-HW-Legend-e-il-Team-Italian-Extreme-Modders-1a-768x751.jpg 768w, https:\/\/www.hwlegend.tech\/modding\/wp-content\/uploads\/sites\/3\/2019\/06\/Nasce-la-collaborazione-tra-HW-Legend-e-il-Team-Italian-Extreme-Modders-1a-1024x1001.jpg 1024w\" sizes=\"auto, (max-width: 1519px) 100vw, 1519px\" \/><\/a><\/p>\n<p>La collaborazione tra HW Legend Modding e gli Italian Extreme Modder ha lo scopo di far crescere in Italia una comunit\u00e0 di modder, che attraverso la condivisione dei propri lavori e delle proprie conoscenze, \u00e8 in grado di mettere a disposizione di tutti gli utenti, gli strumenti adatti, alla realizzazione di un PC unico nel suo genere.<\/p>\n<p><a class=\"fancybox image\" href=\"https:\/\/www.hwlegend.tech\/modding\/wp-content\/uploads\/sites\/3\/2019\/06\/Nasce-la-collaborazione-tra-HW-Legend-e-il-Team-Italian-Extreme-Modders-2.jpg\"><img loading=\"lazy\" decoding=\"async\" class=\"aligncenter size-full wp-image-1344\" src=\"https:\/\/www.hwlegend.tech\/modding\/wp-content\/uploads\/sites\/3\/2019\/06\/Nasce-la-collaborazione-tra-HW-Legend-e-il-Team-Italian-Extreme-Modders-2.jpg\" alt=\"\" width=\"1898\" height=\"855\" srcset=\"https:\/\/www.hwlegend.tech\/modding\/wp-content\/uploads\/sites\/3\/2019\/06\/Nasce-la-collaborazione-tra-HW-Legend-e-il-Team-Italian-Extreme-Modders-2.jpg 1898w, https:\/\/www.hwlegend.tech\/modding\/wp-content\/uploads\/sites\/3\/2019\/06\/Nasce-la-collaborazione-tra-HW-Legend-e-il-Team-Italian-Extreme-Modders-2-300x135.jpg 300w, https:\/\/www.hwlegend.tech\/modding\/wp-content\/uploads\/sites\/3\/2019\/06\/Nasce-la-collaborazione-tra-HW-Legend-e-il-Team-Italian-Extreme-Modders-2-768x346.jpg 768w, https:\/\/www.hwlegend.tech\/modding\/wp-content\/uploads\/sites\/3\/2019\/06\/Nasce-la-collaborazione-tra-HW-Legend-e-il-Team-Italian-Extreme-Modders-2-1024x461.jpg 1024w\" sizes=\"auto, (max-width: 1898px) 100vw, 1898px\" \/><\/a><\/p>\n<p>Grazie agli sponsor delle aziende, che crederanno nel progetto, sar\u00e0 possibile garantire loro, un modo unico e innovativo di visibilit\u00e0 dei propri prodotti. Inoltre, ogni singola persona potr\u00e0 contribuire alla crescita del Team, permetterci di portare avanti i nostri progetti e diventare un giorno parte integrante del Team. Uniti simo forti ed in grado di offrire un contributo importante alla crescita del modding nel nostro paese.<\/p>\n<hr \/>\n<p style=\"text-align: center\"><strong>HW Legend Modding Staff<\/strong><\/p>\n<div class=\"gsp_post_data\" \r\n\t            data-post_type=\"page\" \r\n\t            data-cat=\"\" \r\n\t            data-modified=\"120\"\r\n\t            data-created=\"1559923586\"\r\n\t            data-title=\"Collaborazioni\" \r\n\t            data-home=\"https:\/\/www.hwlegend.tech\/modding\"><\/div>","protected":false},"excerpt":{"rendered":"<p>Siamo orgogliosi di potervi annunciare una nuova collaborazione tra il portale HW Legend Modding e il Team Italiano di modding denominato Italian Extreme Modders, costituito da: Tod Mod, Explore Modding, Mayhem Modz, Sa Mod, warboy Modding\u00a0e Hardware Numb3rs. Annunciata la collaborazione tra il portale HW Legend Modding e il Team Italian Extreme Modder! Il Team [&hellip;]<\/p>\n","protected":false},"author":2,"featured_media":0,"parent":0,"menu_order":0,"comment_status":"closed","ping_status":"closed","template":"","meta":{"footnotes":""},"class_list":["post-1315","page","type-page","status-publish","hentry"],"yoast_head":"<!-- This site is optimized with the Yoast SEO plugin v27.5 - https:\/\/yoast.com\/product\/yoast-seo-wordpress\/ -->\n<title>Collaborazioni - HW Legend Modding<\/title>\n<meta name=\"description\" content=\"Oggi siamo lieti di annunciare una nuova collaborazione tra il portale HW Legend Modding e il Team Italiano di modding denominato Italian Extreme Modders.\" \/>\n<meta name=\"robots\" content=\"index, follow, max-snippet:-1, max-image-preview:large, max-video-preview:-1\" \/>\n<link rel=\"canonical\" href=\"https:\/\/www.hwlegend.tech\/modding\/collaborazioni\/\" \/>\n<meta property=\"og:locale\" content=\"it_IT\" \/>\n<meta property=\"og:type\" content=\"article\" \/>\n<meta property=\"og:title\" content=\"Collaborazioni - HW Legend Modding\" \/>\n<meta property=\"og:description\" content=\"Oggi siamo lieti di annunciare una nuova collaborazione tra il portale HW Legend Modding e il Team Italiano di modding denominato Italian Extreme Modders.\" \/>\n<meta property=\"og:url\" content=\"https:\/\/www.hwlegend.tech\/modding\/collaborazioni\/\" \/>\n<meta property=\"og:site_name\" content=\"HW Legend Modding\" \/>\n<meta property=\"article:modified_time\" content=\"2019-06-07T20:40:08+00:00\" \/>\n<meta property=\"og:image\" content=\"https:\/\/www.hwlegend.tech\/modding\/wp-content\/uploads\/sites\/3\/2019\/06\/Nasce-la-collaborazione-tra-HW-Legend-e-il-Team-Italian-Extreme-Modders-1024x756.png\" \/>\n<meta name=\"twitter:card\" content=\"summary_large_image\" \/>\n<meta name=\"twitter:label1\" content=\"Tempo di lettura stimato\" \/>\n\t<meta name=\"twitter:data1\" content=\"1 minuto\" \/>\n<script type=\"application\/ld+json\" class=\"yoast-schema-graph\">{\"@context\":\"https:\\\/\\\/schema.org\",\"@graph\":[{\"@type\":\"WebPage\",\"@id\":\"https:\\\/\\\/www.hwlegend.tech\\\/modding\\\/collaborazioni\\\/\",\"url\":\"https:\\\/\\\/www.hwlegend.tech\\\/modding\\\/collaborazioni\\\/\",\"name\":\"Collaborazioni - HW Legend Modding\",\"isPartOf\":{\"@id\":\"https:\\\/\\\/www.hwlegend.tech\\\/modding\\\/#website\"},\"primaryImageOfPage\":{\"@id\":\"https:\\\/\\\/www.hwlegend.tech\\\/modding\\\/collaborazioni\\\/#primaryimage\"},\"image\":{\"@id\":\"https:\\\/\\\/www.hwlegend.tech\\\/modding\\\/collaborazioni\\\/#primaryimage\"},\"thumbnailUrl\":\"https:\\\/\\\/www.hwlegend.tech\\\/modding\\\/wp-content\\\/uploads\\\/sites\\\/3\\\/2019\\\/06\\\/Nasce-la-collaborazione-tra-HW-Legend-e-il-Team-Italian-Extreme-Modders-1024x756.png\",\"datePublished\":\"2019-06-07T14:06:26+00:00\",\"dateModified\":\"2019-06-07T20:40:08+00:00\",\"description\":\"Oggi siamo lieti di annunciare una nuova collaborazione tra il portale HW Legend Modding e il Team Italiano di modding denominato Italian Extreme Modders.\",\"breadcrumb\":{\"@id\":\"https:\\\/\\\/www.hwlegend.tech\\\/modding\\\/collaborazioni\\\/#breadcrumb\"},\"inLanguage\":\"it-IT\",\"potentialAction\":[{\"@type\":\"ReadAction\",\"target\":[\"https:\\\/\\\/www.hwlegend.tech\\\/modding\\\/collaborazioni\\\/\"]}]},{\"@type\":\"ImageObject\",\"inLanguage\":\"it-IT\",\"@id\":\"https:\\\/\\\/www.hwlegend.tech\\\/modding\\\/collaborazioni\\\/#primaryimage\",\"url\":\"https:\\\/\\\/www.hwlegend.tech\\\/modding\\\/wp-content\\\/uploads\\\/sites\\\/3\\\/2019\\\/06\\\/Nasce-la-collaborazione-tra-HW-Legend-e-il-Team-Italian-Extreme-Modders.png\",\"contentUrl\":\"https:\\\/\\\/www.hwlegend.tech\\\/modding\\\/wp-content\\\/uploads\\\/sites\\\/3\\\/2019\\\/06\\\/Nasce-la-collaborazione-tra-HW-Legend-e-il-Team-Italian-Extreme-Modders.png\",\"width\":1432,\"height\":1057},{\"@type\":\"BreadcrumbList\",\"@id\":\"https:\\\/\\\/www.hwlegend.tech\\\/modding\\\/collaborazioni\\\/#breadcrumb\",\"itemListElement\":[{\"@type\":\"ListItem\",\"position\":1,\"name\":\"Home\",\"item\":\"https:\\\/\\\/www.hwlegend.tech\\\/modding\\\/\"},{\"@type\":\"ListItem\",\"position\":2,\"name\":\"Collaborazioni\"}]},{\"@type\":\"WebSite\",\"@id\":\"https:\\\/\\\/www.hwlegend.tech\\\/modding\\\/#website\",\"url\":\"https:\\\/\\\/www.hwlegend.tech\\\/modding\\\/\",\"name\":\"HW Legend Modding\",\"description\":\"\",\"publisher\":{\"@id\":\"https:\\\/\\\/www.hwlegend.tech\\\/modding\\\/#organization\"},\"potentialAction\":[{\"@type\":\"SearchAction\",\"target\":{\"@type\":\"EntryPoint\",\"urlTemplate\":\"https:\\\/\\\/www.hwlegend.tech\\\/modding\\\/?s={search_term_string}\"},\"query-input\":{\"@type\":\"PropertyValueSpecification\",\"valueRequired\":true,\"valueName\":\"search_term_string\"}}],\"inLanguage\":\"it-IT\"},{\"@type\":\"Organization\",\"@id\":\"https:\\\/\\\/www.hwlegend.tech\\\/modding\\\/#organization\",\"name\":\"HW Legend Modding\",\"url\":\"https:\\\/\\\/www.hwlegend.tech\\\/modding\\\/\",\"logo\":{\"@type\":\"ImageObject\",\"inLanguage\":\"it-IT\",\"@id\":\"https:\\\/\\\/www.hwlegend.tech\\\/modding\\\/#\\\/schema\\\/logo\\\/image\\\/\",\"url\":\"https:\\\/\\\/www.hwlegend.tech\\\/modding\\\/wp-content\\\/uploads\\\/sites\\\/3\\\/2025\\\/05\\\/Logo-Modding-trasparente.webp\",\"contentUrl\":\"https:\\\/\\\/www.hwlegend.tech\\\/modding\\\/wp-content\\\/uploads\\\/sites\\\/3\\\/2025\\\/05\\\/Logo-Modding-trasparente.webp\",\"width\":700,\"height\":245,\"caption\":\"HW Legend Modding\"},\"image\":{\"@id\":\"https:\\\/\\\/www.hwlegend.tech\\\/modding\\\/#\\\/schema\\\/logo\\\/image\\\/\"}}]}<\/script>\n<!-- \/ Yoast SEO plugin. -->","yoast_head_json":{"title":"Collaborazioni - HW Legend Modding","description":"Oggi siamo lieti di annunciare una nuova collaborazione tra il portale HW Legend Modding e il Team Italiano di modding denominato Italian Extreme Modders.","robots":{"index":"index","follow":"follow","max-snippet":"max-snippet:-1","max-image-preview":"max-image-preview:large","max-video-preview":"max-video-preview:-1"},"canonical":"https:\/\/www.hwlegend.tech\/modding\/collaborazioni\/","og_locale":"it_IT","og_type":"article","og_title":"Collaborazioni - HW Legend Modding","og_description":"Oggi siamo lieti di annunciare una nuova collaborazione tra il portale HW Legend Modding e il Team Italiano di modding denominato Italian Extreme Modders.","og_url":"https:\/\/www.hwlegend.tech\/modding\/collaborazioni\/","og_site_name":"HW Legend Modding","article_modified_time":"2019-06-07T20:40:08+00:00","og_image":[{"url":"https:\/\/www.hwlegend.tech\/modding\/wp-content\/uploads\/sites\/3\/2019\/06\/Nasce-la-collaborazione-tra-HW-Legend-e-il-Team-Italian-Extreme-Modders-1024x756.png","type":"","width":"","height":""}],"twitter_card":"summary_large_image","twitter_misc":{"Tempo di lettura stimato":"1 minuto"},"schema":{"@context":"https:\/\/schema.org","@graph":[{"@type":"WebPage","@id":"https:\/\/www.hwlegend.tech\/modding\/collaborazioni\/","url":"https:\/\/www.hwlegend.tech\/modding\/collaborazioni\/","name":"Collaborazioni - HW Legend Modding","isPartOf":{"@id":"https:\/\/www.hwlegend.tech\/modding\/#website"},"primaryImageOfPage":{"@id":"https:\/\/www.hwlegend.tech\/modding\/collaborazioni\/#primaryimage"},"image":{"@id":"https:\/\/www.hwlegend.tech\/modding\/collaborazioni\/#primaryimage"},"thumbnailUrl":"https:\/\/www.hwlegend.tech\/modding\/wp-content\/uploads\/sites\/3\/2019\/06\/Nasce-la-collaborazione-tra-HW-Legend-e-il-Team-Italian-Extreme-Modders-1024x756.png","datePublished":"2019-06-07T14:06:26+00:00","dateModified":"2019-06-07T20:40:08+00:00","description":"Oggi siamo lieti di annunciare una nuova collaborazione tra il portale HW Legend Modding e il Team Italiano di modding denominato Italian Extreme Modders.","breadcrumb":{"@id":"https:\/\/www.hwlegend.tech\/modding\/collaborazioni\/#breadcrumb"},"inLanguage":"it-IT","potentialAction":[{"@type":"ReadAction","target":["https:\/\/www.hwlegend.tech\/modding\/collaborazioni\/"]}]},{"@type":"ImageObject","inLanguage":"it-IT","@id":"https:\/\/www.hwlegend.tech\/modding\/collaborazioni\/#primaryimage","url":"https:\/\/www.hwlegend.tech\/modding\/wp-content\/uploads\/sites\/3\/2019\/06\/Nasce-la-collaborazione-tra-HW-Legend-e-il-Team-Italian-Extreme-Modders.png","contentUrl":"https:\/\/www.hwlegend.tech\/modding\/wp-content\/uploads\/sites\/3\/2019\/06\/Nasce-la-collaborazione-tra-HW-Legend-e-il-Team-Italian-Extreme-Modders.png","width":1432,"height":1057},{"@type":"BreadcrumbList","@id":"https:\/\/www.hwlegend.tech\/modding\/collaborazioni\/#breadcrumb","itemListElement":[{"@type":"ListItem","position":1,"name":"Home","item":"https:\/\/www.hwlegend.tech\/modding\/"},{"@type":"ListItem","position":2,"name":"Collaborazioni"}]},{"@type":"WebSite","@id":"https:\/\/www.hwlegend.tech\/modding\/#website","url":"https:\/\/www.hwlegend.tech\/modding\/","name":"HW Legend Modding","description":"","publisher":{"@id":"https:\/\/www.hwlegend.tech\/modding\/#organization"},"potentialAction":[{"@type":"SearchAction","target":{"@type":"EntryPoint","urlTemplate":"https:\/\/www.hwlegend.tech\/modding\/?s={search_term_string}"},"query-input":{"@type":"PropertyValueSpecification","valueRequired":true,"valueName":"search_term_string"}}],"inLanguage":"it-IT"},{"@type":"Organization","@id":"https:\/\/www.hwlegend.tech\/modding\/#organization","name":"HW Legend Modding","url":"https:\/\/www.hwlegend.tech\/modding\/","logo":{"@type":"ImageObject","inLanguage":"it-IT","@id":"https:\/\/www.hwlegend.tech\/modding\/#\/schema\/logo\/image\/","url":"https:\/\/www.hwlegend.tech\/modding\/wp-content\/uploads\/sites\/3\/2025\/05\/Logo-Modding-trasparente.webp","contentUrl":"https:\/\/www.hwlegend.tech\/modding\/wp-content\/uploads\/sites\/3\/2025\/05\/Logo-Modding-trasparente.webp","width":700,"height":245,"caption":"HW Legend Modding"},"image":{"@id":"https:\/\/www.hwlegend.tech\/modding\/#\/schema\/logo\/image\/"}}]}},"_links":{"self":[{"href":"https:\/\/www.hwlegend.tech\/modding\/wp-json\/wp\/v2\/pages\/1315","targetHints":{"allow":["GET"]}}],"collection":[{"href":"https:\/\/www.hwlegend.tech\/modding\/wp-json\/wp\/v2\/pages"}],"about":[{"href":"https:\/\/www.hwlegend.tech\/modding\/wp-json\/wp\/v2\/types\/page"}],"author":[{"embeddable":true,"href":"https:\/\/www.hwlegend.tech\/modding\/wp-json\/wp\/v2\/users\/2"}],"replies":[{"embeddable":true,"href":"https:\/\/www.hwlegend.tech\/modding\/wp-json\/wp\/v2\/comments?post=1315"}],"version-history":[{"count":1,"href":"https:\/\/www.hwlegend.tech\/modding\/wp-json\/wp\/v2\/pages\/1315\/revisions"}],"predecessor-version":[{"id":1348,"href":"https:\/\/www.hwlegend.tech\/modding\/wp-json\/wp\/v2\/pages\/1315\/revisions\/1348"}],"wp:attachment":[{"href":"https:\/\/www.hwlegend.tech\/modding\/wp-json\/wp\/v2\/media?parent=1315"}],"curies":[{"name":"wp","href":"https:\/\/api.w.org\/{rel}","templated":true}]}}